{"id":126,"date":"2025-06-04T09:26:36","date_gmt":"2025-06-04T09:26:36","guid":{"rendered":"https:\/\/elmouroudj.com\/?post_type=product&#038;p=126"},"modified":"2026-02-12T17:56:10","modified_gmt":"2026-02-12T17:56:10","slug":"mozzarella","status":"publish","type":"product","link":"https:\/\/elmouroudj.com\/?product=mozzarella","title":{"rendered":"Mozzarella"},"content":{"rendered":"<p><span style=\"font-family: Times New Roman, serif;\"><span style=\"font-size: medium;\"><b>Mozzarella El Mouroudj<\/b> est une mozzarella <b>100% naturelle<\/b>, fabriqu\u00e9e \u00e0 base de <b>lait de vache pur<\/b>, sans additifs ni conservateurs. Sa texture fondante et son go\u00fbt doux d\u2019inspiration italienne en font le <b>choix parfait pour les professionnels de la pizza<\/b> et les amoureux de la cuisine authentique.<\/span><\/span><\/p>\n<p><span style=\"font-family: Times New Roman, serif;\"><span style=\"font-size: medium;\">Que ce soit pour une <b>pizza napolitaine<\/b>, une <b>salade caprese<\/b>, un <b>gratin fondant<\/b> ou toute autre recette cr\u00e9ative, la mozzarella El Mouroudj apporte une <b>valeur ajout\u00e9e<\/b> \u00e0 vos plats avec son <b>\u00e9lasticit\u00e9 parfaite<\/b> et sa <b>saveur d\u00e9licate<\/b>.<\/span><\/span><\/p>\n<p><span style=\"font-family: Times New Roman, serif;\"><span style=\"font-size: medium;\">Disponible en <b>trois formats adapt\u00e9s \u00e0 tous les besoins<\/b> :<br \/>\n<b>900g \u2013 500g \u2013 250g<\/b><\/span><\/span><\/p>\n<p><span style=\"font-family: Times New Roman, serif;\"><span style=\"font-size: medium;\"><b>Mozzarella El Mouroudj : l\u2019ingr\u00e9dient qui fait toute la diff\u00e9rence.<\/b><\/span><\/span><\/p>\n","protected":false},"excerpt":{"rendered":"<p>Mozzarella El Mouroudj est une mozzarella 100% naturelle, fabriqu\u00e9e \u00e0 base de lait de vache pur, sans additifs ni conservateurs. Sa texture fondante et son go\u00fbt doux d\u2019inspiration italienne en font le choix parfait pour les professionnels de la pizza et les amoureux de la cuisine authentique. Que ce soit pour une pizza napolitaine, une [&hellip;]<\/p>\n","protected":false},"featured_media":361,"comment_status":"open","ping_status":"closed","template":"","meta":[],"product_brand":[],"product_cat":[19],"product_tag":[],"class_list":{"0":"post-126","1":"product","2":"type-product","3":"status-publish","4":"has-post-thumbnail","6":"product_cat-uncategorized","8":"first","9":"instock","10":"shipping-taxable","11":"product-type-simple"},"_links":{"self":[{"href":"https:\/\/elmouroudj.com\/index.php?rest_route=\/wp\/v2\/product\/126","targetHints":{"allow":["GET"]}}],"collection":[{"href":"https:\/\/elmouroudj.com\/index.php?rest_route=\/wp\/v2\/product"}],"about":[{"href":"https:\/\/elmouroudj.com\/index.php?rest_route=\/wp\/v2\/types\/product"}],"replies":[{"embeddable":true,"href":"https:\/\/elmouroudj.com\/index.php?rest_route=%2Fwp%2Fv2%2Fcomments&post=126"}],"wp:featuredmedia":[{"embeddable":true,"href":"https:\/\/elmouroudj.com\/index.php?rest_route=\/wp\/v2\/media\/361"}],"wp:attachment":[{"href":"https:\/\/elmouroudj.com\/index.php?rest_route=%2Fwp%2Fv2%2Fmedia&parent=126"}],"wp:term":[{"taxonomy":"product_brand","embeddable":true,"href":"https:\/\/elmouroudj.com\/index.php?rest_route=%2Fwp%2Fv2%2Fproduct_brand&post=126"},{"taxonomy":"product_cat","embeddable":true,"href":"https:\/\/elmouroudj.com\/index.php?rest_route=%2Fwp%2Fv2%2Fproduct_cat&post=126"},{"taxonomy":"product_tag","embeddable":true,"href":"https:\/\/elmouroudj.com\/index.php?rest_route=%2Fwp%2Fv2%2Fproduct_tag&post=126"}],"curies":[{"name":"wp","href":"https:\/\/api.w.org\/{rel}","templated":true}]}}