{"id":128,"date":"2025-06-04T09:27:30","date_gmt":"2025-06-04T09:27:30","guid":{"rendered":"https:\/\/elmouroudj.com\/?post_type=product&#038;p=128"},"modified":"2025-06-10T07:43:11","modified_gmt":"2025-06-10T07:43:11","slug":"cheddar","status":"publish","type":"product","link":"https:\/\/elmouroudj.com\/?product=cheddar","title":{"rendered":"Cheddar"},"content":{"rendered":"<p><span style=\"font-family: Times New Roman, serif;\"><span style=\"font-size: medium;\"><b>Le Cheddar El Mouroudj<\/b> est un fromage <b>100% naturel<\/b>, \u00e9labor\u00e9 \u00e0 partir de <b>lait de vache de qualit\u00e9 sup\u00e9rieure<\/b>, sans colorants ni additifs. Son go\u00fbt <b>riche, intense et l\u00e9g\u00e8rement affin\u00e9<\/b> en fait un alli\u00e9 incontournable des <b>chefs et professionnels de la restauration<\/b>.<\/span><\/span><\/p>\n<p><span style=\"font-family: Times New Roman, serif;\"><span style=\"font-size: medium;\">Disponible <b>exclusivement en format barre<\/b>, il est pens\u00e9 pour une <b>utilisation pratique en cuisine<\/b> : d\u00e9coupe facile, id\u00e9al pour les burgers, gratins, sauces cr\u00e9meuses ou plats gourmets.<\/span><\/span><\/p>\n<p><span style=\"font-family: Times New Roman, serif;\"><span style=\"font-size: medium;\">Gr\u00e2ce \u00e0 sa texture et sa saveur marqu\u00e9e, <b>le cheddar El Mouroudj sublime chaque recette avec caract\u00e8re et authenticit\u00e9.<\/b><\/span><\/span><\/p>\n<p><span style=\"font-family: Times New Roman, serif;\"><span style=\"font-size: medium;\"><b>Format professionnel \u2013 qualit\u00e9 ma\u00eetris\u00e9e \u2013 go\u00fbt remarquable.<\/b><\/span><\/span><\/p>\n","protected":false},"excerpt":{"rendered":"<p>Le Cheddar El Mouroudj est un fromage 100% naturel, \u00e9labor\u00e9 \u00e0 partir de lait de vache de qualit\u00e9 sup\u00e9rieure, sans colorants ni additifs. Son go\u00fbt riche, intense et l\u00e9g\u00e8rement affin\u00e9 en fait un alli\u00e9 incontournable des chefs et professionnels de la restauration. Disponible exclusivement en format barre, il est pens\u00e9 pour une utilisation pratique en [&hellip;]<\/p>\n","protected":false},"featured_media":156,"comment_status":"open","ping_status":"closed","template":"","meta":[],"product_brand":[],"product_cat":[19],"product_tag":[],"class_list":{"0":"post-128","1":"product","2":"type-product","3":"status-publish","4":"has-post-thumbnail","6":"product_cat-uncategorized","8":"first","9":"instock","10":"shipping-taxable","11":"product-type-simple"},"_links":{"self":[{"href":"https:\/\/elmouroudj.com\/index.php?rest_route=\/wp\/v2\/product\/128","targetHints":{"allow":["GET"]}}],"collection":[{"href":"https:\/\/elmouroudj.com\/index.php?rest_route=\/wp\/v2\/product"}],"about":[{"href":"https:\/\/elmouroudj.com\/index.php?rest_route=\/wp\/v2\/types\/product"}],"replies":[{"embeddable":true,"href":"https:\/\/elmouroudj.com\/index.php?rest_route=%2Fwp%2Fv2%2Fcomments&post=128"}],"wp:featuredmedia":[{"embeddable":true,"href":"https:\/\/elmouroudj.com\/index.php?rest_route=\/wp\/v2\/media\/156"}],"wp:attachment":[{"href":"https:\/\/elmouroudj.com\/index.php?rest_route=%2Fwp%2Fv2%2Fmedia&parent=128"}],"wp:term":[{"taxonomy":"product_brand","embeddable":true,"href":"https:\/\/elmouroudj.com\/index.php?rest_route=%2Fwp%2Fv2%2Fproduct_brand&post=128"},{"taxonomy":"product_cat","embeddable":true,"href":"https:\/\/elmouroudj.com\/index.php?rest_route=%2Fwp%2Fv2%2Fproduct_cat&post=128"},{"taxonomy":"product_tag","embeddable":true,"href":"https:\/\/elmouroudj.com\/index.php?rest_route=%2Fwp%2Fv2%2Fproduct_tag&post=128"}],"curies":[{"name":"wp","href":"https:\/\/api.w.org\/{rel}","templated":true}]}}