{"id":129,"date":"2025-06-04T09:29:10","date_gmt":"2025-06-04T09:29:10","guid":{"rendered":"https:\/\/elmouroudj.com\/?post_type=product&#038;p=129"},"modified":"2025-06-10T07:43:06","modified_gmt":"2025-06-10T07:43:06","slug":"edam","status":"publish","type":"product","link":"https:\/\/elmouroudj.com\/?product=edam","title":{"rendered":"Edam"},"content":{"rendered":"<p><span style=\"font-family: Times New Roman, serif;\"><span style=\"font-size: medium;\"><b>L\u2019Edam Rouge El Mouroudj<\/b><\/span><\/span><span style=\"font-family: Times New Roman, serif;\"><span style=\"font-size: medium;\"> est un fromage doux, <\/span><\/span><span style=\"font-family: Times New Roman, serif;\"><span style=\"font-size: medium;\"><b>100% naturel<\/b><\/span><\/span><span style=\"font-family: Times New Roman, serif;\"><span style=\"font-size: medium;\">, fabriqu\u00e9 \u00e0 base de <\/span><\/span><span style=\"font-family: Times New Roman, serif;\"><span style=\"font-size: medium;\"><b>lait de vache<\/b><\/span><\/span><span style=\"font-family: Times New Roman, serif;\"><span style=\"font-size: medium;\">, sans colorants ni additifs. Sa <\/span><\/span><span style=\"font-family: Times New Roman, serif;\"><span style=\"font-size: medium;\"><b>texture souple<\/b><\/span><\/span><span style=\"font-family: Times New Roman, serif;\"><span style=\"font-size: medium;\">, son go\u00fbt <\/span><\/span><span style=\"font-family: Times New Roman, serif;\"><span style=\"font-size: medium;\"><b>l\u00e9gerement sucr\u00e9 et \u00e9quilibr\u00e9<\/b><\/span><\/span><span style=\"font-family: Times New Roman, serif;\"><span style=\"font-size: medium;\">, ainsi que sa <\/span><\/span><span style=\"font-family: Times New Roman, serif;\"><span style=\"font-size: medium;\"><b>pr\u00e9sentation vari\u00e9e<\/b><\/span><\/span><span style=\"font-family: Times New Roman, serif;\"><span style=\"font-size: medium;\"> en font un fromage <\/span><\/span><span style=\"font-family: Times New Roman, serif;\"><span style=\"font-size: medium;\"><b>polyvalent<\/b><\/span><\/span><span style=\"font-family: Times New Roman, serif;\"><span style=\"font-size: medium;\"> qui s\u2019adapte \u00e0 tous les usages professionnels et familiaux.<\/span><\/span><\/p>\n<p>\ud83e\udde9 <span style=\"font-family: Times New Roman, serif;\"><span style=\"font-size: medium;\"><b>Disponible en trois formats :<\/b><\/span><\/span><\/p>\n<ul>\n<li><span style=\"font-family: Times New Roman, serif;\"><span style=\"font-size: medium;\"><b>Boule<\/b><\/span><\/span><span style=\"font-family: Times New Roman, serif;\"><span style=\"font-size: medium;\"> : id\u00e9al pour les plateaux de fromages, buffets et pr\u00e9sentations haut de gamme. Son visuel traditionnel attire l\u2019\u0153il et valorise vos \u00e9v\u00e9nements et vitrines.<\/span><\/span><\/li>\n<li><span style=\"font-family: Times New Roman, serif;\"><span style=\"font-size: medium;\"><b>Barre<\/b><\/span><\/span><span style=\"font-family: Times New Roman, serif;\"><span style=\"font-size: medium;\"> : parfait pour les chefs, il permet une d\u00e9coupe facile selon le besoin (d\u00e9s, r\u00e2p\u00e9, lamelles) et s\u2019int\u00e8gre parfaitement aux gratins, sandwichs, quiches et croque-monsieur.<\/span><\/span><\/li>\n<li><span style=\"font-family: Times New Roman, serif;\"><span style=\"font-size: medium;\"><b>Tranche<\/b><\/span><\/span><span style=\"font-family: Times New Roman, serif;\"><span style=\"font-size: medium;\"> : sp\u00e9cialement con\u00e7u pour la <\/span><\/span><span style=\"font-family: Times New Roman, serif;\"><span style=\"font-size: medium;\"><b>restauration rapide<\/b><\/span><\/span><span style=\"font-family: Times New Roman, serif;\"><span style=\"font-size: medium;\">, les <\/span><\/span><span style=\"font-family: Times New Roman, serif;\"><span style=\"font-size: medium;\"><b>burgers<\/b><\/span><\/span><span style=\"font-family: Times New Roman, serif;\"><span style=\"font-size: medium;\">, <\/span><\/span><span style=\"font-family: Times New Roman, serif;\"><span style=\"font-size: medium;\"><b>sandwichs froids<\/b><\/span><\/span><span style=\"font-family: Times New Roman, serif;\"><span style=\"font-size: medium;\"> ou toast\u00e9s. Pr\u00eat \u00e0 l\u2019emploi, pratique et r\u00e9gulier.<\/span><\/span><\/li>\n<\/ul>\n<p><span style=\"font-family: Times New Roman, serif;\"><span style=\"font-size: medium;\"><b>Edam Rouge El Mouroudj<\/b><\/span><\/span><span style=\"font-family: Times New Roman, serif;\"><span style=\"font-size: medium;\"> est le compromis id\u00e9al entre <\/span><\/span><span style=\"font-family: Times New Roman, serif;\"><span style=\"font-size: medium;\"><b>qualit\u00e9, praticit\u00e9 et go\u00fbt<\/b><\/span><\/span><span style=\"font-family: Times New Roman, serif;\"><span style=\"font-size: medium;\">, pour les professionnels comme pour les particuliers exigeants.<\/span><\/span><\/p>\n<p>&nbsp;<\/p>\n","protected":false},"excerpt":{"rendered":"<p>L\u2019Edam Rouge El Mouroudj est un fromage doux, 100% naturel, fabriqu\u00e9 \u00e0 base de lait de vache, sans colorants ni additifs. Sa texture souple, son go\u00fbt l\u00e9gerement sucr\u00e9 et \u00e9quilibr\u00e9, ainsi que sa pr\u00e9sentation vari\u00e9e en font un fromage polyvalent qui s\u2019adapte \u00e0 tous les usages professionnels et familiaux. \ud83e\udde9 Disponible en trois formats : [&hellip;]<\/p>\n","protected":false},"featured_media":158,"comment_status":"open","ping_status":"closed","template":"","meta":[],"product_brand":[],"product_cat":[19],"product_tag":[],"class_list":{"0":"post-129","1":"product","2":"type-product","3":"status-publish","4":"has-post-thumbnail","6":"product_cat-uncategorized","8":"first","9":"instock","10":"shipping-taxable","11":"product-type-simple"},"_links":{"self":[{"href":"https:\/\/elmouroudj.com\/index.php?rest_route=\/wp\/v2\/product\/129","targetHints":{"allow":["GET"]}}],"collection":[{"href":"https:\/\/elmouroudj.com\/index.php?rest_route=\/wp\/v2\/product"}],"about":[{"href":"https:\/\/elmouroudj.com\/index.php?rest_route=\/wp\/v2\/types\/product"}],"replies":[{"embeddable":true,"href":"https:\/\/elmouroudj.com\/index.php?rest_route=%2Fwp%2Fv2%2Fcomments&post=129"}],"wp:featuredmedia":[{"embeddable":true,"href":"https:\/\/elmouroudj.com\/index.php?rest_route=\/wp\/v2\/media\/158"}],"wp:attachment":[{"href":"https:\/\/elmouroudj.com\/index.php?rest_route=%2Fwp%2Fv2%2Fmedia&parent=129"}],"wp:term":[{"taxonomy":"product_brand","embeddable":true,"href":"https:\/\/elmouroudj.com\/index.php?rest_route=%2Fwp%2Fv2%2Fproduct_brand&post=129"},{"taxonomy":"product_cat","embeddable":true,"href":"https:\/\/elmouroudj.com\/index.php?rest_route=%2Fwp%2Fv2%2Fproduct_cat&post=129"},{"taxonomy":"product_tag","embeddable":true,"href":"https:\/\/elmouroudj.com\/index.php?rest_route=%2Fwp%2Fv2%2Fproduct_tag&post=129"}],"curies":[{"name":"wp","href":"https:\/\/api.w.org\/{rel}","templated":true}]}}