{"id":133,"date":"2025-06-04T09:32:55","date_gmt":"2025-06-04T09:32:55","guid":{"rendered":"https:\/\/elmouroudj.com\/?post_type=product&#038;p=133"},"modified":"2025-06-16T07:19:21","modified_gmt":"2025-06-16T07:19:21","slug":"creme-fraiche","status":"publish","type":"product","link":"https:\/\/elmouroudj.com\/?product=creme-fraiche","title":{"rendered":"Creme fraiche"},"content":{"rendered":"<p><span style=\"font-family: Times New Roman, serif;\"><span style=\"font-size: large;\"><b>Cr\u00e8me Fra\u00eeche \u00c9paisse El Mouroudj \u2013 180g<\/b><\/span><\/span><\/p>\n<p><span style=\"font-family: Times New Roman, serif;\"><span style=\"font-size: medium;\"><b>La Cr\u00e8me Fra\u00eeche El Mouroudj<\/b><\/span><\/span><span style=\"font-family: Times New Roman, serif;\"><span style=\"font-size: medium;\"> est une cr\u00e8me \u00e9paisse, onctueuse et riche, fabriqu\u00e9e \u00e0 base de <\/span><\/span><span style=\"font-family: Times New Roman, serif;\"><span style=\"font-size: medium;\"><b>lait de vache 100 % naturel<\/b><\/span><\/span><span style=\"font-family: Times New Roman, serif;\"><span style=\"font-size: medium;\">, avec <\/span><\/span><span style=\"font-family: Times New Roman, serif;\"><span style=\"font-size: medium;\"><b>30 % de mati\u00e8re grasse<\/b><\/span><\/span><span style=\"font-family: Times New Roman, serif;\"><span style=\"font-size: medium;\">. Sa texture g\u00e9n\u00e9reuse et sa saveur douce en font un ingr\u00e9dient incontournable en cuisine comme en p\u00e2tisserie.<\/span><\/span><\/p>\n<p><span style=\"font-family: Times New Roman, serif;\"><span style=\"font-size: medium;\">Que ce soit pour <\/span><\/span><span style=\"font-family: Times New Roman, serif;\"><span style=\"font-size: medium;\"><b>enrichir vos sauces<\/b><\/span><\/span><span style=\"font-family: Times New Roman, serif;\"><span style=\"font-size: medium;\">, <\/span><\/span><span style=\"font-family: Times New Roman, serif;\"><span style=\"font-size: medium;\"><b>monter une quiche<\/b><\/span><\/span><span style=\"font-family: Times New Roman, serif;\"><span style=\"font-size: medium;\">, <\/span><\/span><span style=\"font-family: Times New Roman, serif;\"><span style=\"font-size: medium;\"><b>napper un gratin<\/b><\/span><\/span><span style=\"font-family: Times New Roman, serif;\"><span style=\"font-size: medium;\">, ou encore <\/span><\/span><span style=\"font-family: Times New Roman, serif;\"><span style=\"font-size: medium;\"><b>accompagner des fruits ou desserts<\/b><\/span><\/span><span style=\"font-family: Times New Roman, serif;\"><span style=\"font-size: medium;\">, elle offre une <\/span><\/span><span style=\"font-family: Times New Roman, serif;\"><span style=\"font-size: medium;\"><b>tenue parfaite<\/b><\/span><\/span><span style=\"font-family: Times New Roman, serif;\"><span style=\"font-size: medium;\"> \u00e0 chaud comme \u00e0 froid.<\/span><\/span><\/p>\n<p>\ud83d\udca1 <span style=\"font-family: Times New Roman, serif;\"><span style=\"font-size: medium;\"><b>Format pratique de 180g<\/b><\/span><\/span><span style=\"font-family: Times New Roman, serif;\"><span style=\"font-size: medium;\">, id\u00e9al pour un usage domestique ou en restauration individuelle.<\/span><\/span><\/p>\n<p><span style=\"font-family: Times New Roman, serif;\"><span style=\"font-size: medium;\"><b>Cr\u00e8me Fra\u00eeche El Mouroudj<\/b><\/span><\/span><span style=\"font-family: Times New Roman, serif;\"><span style=\"font-size: medium;\"> : l\u2019onctuosit\u00e9 naturelle au service du go\u00fbt.<\/span><\/span><\/p>\n","protected":false},"excerpt":{"rendered":"<p>Cr\u00e8me Fra\u00eeche \u00c9paisse El Mouroudj \u2013 180g La Cr\u00e8me Fra\u00eeche El Mouroudj est une cr\u00e8me \u00e9paisse, onctueuse et riche, fabriqu\u00e9e \u00e0 base de lait de vache 100 % naturel, avec 30 % de mati\u00e8re grasse. Sa texture g\u00e9n\u00e9reuse et sa saveur douce en font un ingr\u00e9dient incontournable en cuisine comme en p\u00e2tisserie. Que ce soit [&hellip;]<\/p>\n","protected":false},"featured_media":334,"comment_status":"open","ping_status":"closed","template":"","meta":[],"product_brand":[],"product_cat":[19],"product_tag":[],"class_list":{"0":"post-133","1":"product","2":"type-product","3":"status-publish","4":"has-post-thumbnail","6":"product_cat-uncategorized","8":"first","9":"instock","10":"shipping-taxable","11":"product-type-simple"},"_links":{"self":[{"href":"https:\/\/elmouroudj.com\/index.php?rest_route=\/wp\/v2\/product\/133","targetHints":{"allow":["GET"]}}],"collection":[{"href":"https:\/\/elmouroudj.com\/index.php?rest_route=\/wp\/v2\/product"}],"about":[{"href":"https:\/\/elmouroudj.com\/index.php?rest_route=\/wp\/v2\/types\/product"}],"replies":[{"embeddable":true,"href":"https:\/\/elmouroudj.com\/index.php?rest_route=%2Fwp%2Fv2%2Fcomments&post=133"}],"wp:featuredmedia":[{"embeddable":true,"href":"https:\/\/elmouroudj.com\/index.php?rest_route=\/wp\/v2\/media\/334"}],"wp:attachment":[{"href":"https:\/\/elmouroudj.com\/index.php?rest_route=%2Fwp%2Fv2%2Fmedia&parent=133"}],"wp:term":[{"taxonomy":"product_brand","embeddable":true,"href":"https:\/\/elmouroudj.com\/index.php?rest_route=%2Fwp%2Fv2%2Fproduct_brand&post=133"},{"taxonomy":"product_cat","embeddable":true,"href":"https:\/\/elmouroudj.com\/index.php?rest_route=%2Fwp%2Fv2%2Fproduct_cat&post=133"},{"taxonomy":"product_tag","embeddable":true,"href":"https:\/\/elmouroudj.com\/index.php?rest_route=%2Fwp%2Fv2%2Fproduct_tag&post=133"}],"curies":[{"name":"wp","href":"https:\/\/api.w.org\/{rel}","templated":true}]}}