{"id":135,"date":"2025-06-04T09:34:54","date_gmt":"2025-06-04T09:34:54","guid":{"rendered":"https:\/\/elmouroudj.com\/?post_type=product&#038;p=135"},"modified":"2025-06-10T07:42:54","modified_gmt":"2025-06-10T07:42:54","slug":"beurre-el-mouroudj","status":"publish","type":"product","link":"https:\/\/elmouroudj.com\/?product=beurre-el-mouroudj","title":{"rendered":"Beurre el mouroudj"},"content":{"rendered":"<p><span style=\"font-family: Times New Roman, serif;\"><span style=\"font-size: medium;\"><b>Le Beurre El Mouroudj<\/b> est un beurre traditionnel, <b>100 % naturel<\/b>, fabriqu\u00e9 exclusivement \u00e0 partir de <b>lait de vache entier<\/b>, sans additifs ni colorants.<\/span><\/span><\/p>\n<p><span style=\"font-family: Times New Roman, serif;\"><span style=\"font-size: medium;\">Inspir\u00e9 du savoir-faire ancestral des <b>familles rurales alg\u00e9riennes<\/b>, ce beurre vous reconnecte \u00e0 la <b>puret\u00e9 du go\u00fbt d\u2019antan<\/b>. Tartin\u00e9 au petit-d\u00e9jeuner ou incorpor\u00e9 dans vos plats, il lib\u00e8re une saveur <b>riche, authentique et unique<\/b> qui vous apporte une <b>\u00e9nergie naturelle<\/b> pour bien commencer la journ\u00e9e.<\/span><\/span><\/p>\n<p><span style=\"font-family: Times New Roman, serif;\"><span style=\"font-size: medium;\"><b>Approuv\u00e9 par tous nos clients<\/b>, qui le d\u00e9crivent comme un beurre \u00ab\u202fvrai\u202f\u00bb, au <b>go\u00fbt incomparable<\/b>, qui rappelle celui de leur enfance ou des campagnes.<\/span><\/span><\/p>\n<p>\ud83e\uddc8 <span style=\"font-family: Times New Roman, serif;\"><span style=\"font-size: medium;\"><b>Disponible en formats : 500g et 1kg<\/b>, il convient aussi bien aux familles qu\u2019aux professionnels de la restauration.<\/span><\/span><\/p>\n<p><span style=\"font-family: Times New Roman, serif;\"><span style=\"font-size: medium;\"><b>Beurre El Mouroudj<\/b> : la puissance du naturel, le go\u00fbt de la tradition<\/span><\/span><\/p>\n","protected":false},"excerpt":{"rendered":"<p>Le Beurre El Mouroudj est un beurre traditionnel, 100 % naturel, fabriqu\u00e9 exclusivement \u00e0 partir de lait de vache entier, sans additifs ni colorants. Inspir\u00e9 du savoir-faire ancestral des familles rurales alg\u00e9riennes, ce beurre vous reconnecte \u00e0 la puret\u00e9 du go\u00fbt d\u2019antan. Tartin\u00e9 au petit-d\u00e9jeuner ou incorpor\u00e9 dans vos plats, il lib\u00e8re une saveur riche, [&hellip;]<\/p>\n","protected":false},"featured_media":136,"comment_status":"open","ping_status":"closed","template":"","meta":[],"product_brand":[],"product_cat":[19],"product_tag":[],"class_list":{"0":"post-135","1":"product","2":"type-product","3":"status-publish","4":"has-post-thumbnail","6":"product_cat-uncategorized","8":"first","9":"instock","10":"shipping-taxable","11":"product-type-simple"},"_links":{"self":[{"href":"https:\/\/elmouroudj.com\/index.php?rest_route=\/wp\/v2\/product\/135","targetHints":{"allow":["GET"]}}],"collection":[{"href":"https:\/\/elmouroudj.com\/index.php?rest_route=\/wp\/v2\/product"}],"about":[{"href":"https:\/\/elmouroudj.com\/index.php?rest_route=\/wp\/v2\/types\/product"}],"replies":[{"embeddable":true,"href":"https:\/\/elmouroudj.com\/index.php?rest_route=%2Fwp%2Fv2%2Fcomments&post=135"}],"wp:featuredmedia":[{"embeddable":true,"href":"https:\/\/elmouroudj.com\/index.php?rest_route=\/wp\/v2\/media\/136"}],"wp:attachment":[{"href":"https:\/\/elmouroudj.com\/index.php?rest_route=%2Fwp%2Fv2%2Fmedia&parent=135"}],"wp:term":[{"taxonomy":"product_brand","embeddable":true,"href":"https:\/\/elmouroudj.com\/index.php?rest_route=%2Fwp%2Fv2%2Fproduct_brand&post=135"},{"taxonomy":"product_cat","embeddable":true,"href":"https:\/\/elmouroudj.com\/index.php?rest_route=%2Fwp%2Fv2%2Fproduct_cat&post=135"},{"taxonomy":"product_tag","embeddable":true,"href":"https:\/\/elmouroudj.com\/index.php?rest_route=%2Fwp%2Fv2%2Fproduct_tag&post=135"}],"curies":[{"name":"wp","href":"https:\/\/api.w.org\/{rel}","templated":true}]}}