{"id":152,"date":"2025-06-04T10:19:30","date_gmt":"2025-06-04T10:19:30","guid":{"rendered":"https:\/\/elmouroudj.com\/?post_type=product&#038;p=152"},"modified":"2025-06-10T07:42:50","modified_gmt":"2025-06-10T07:42:50","slug":"lben-1l-copy","status":"publish","type":"product","link":"https:\/\/elmouroudj.com\/?product=lben-1l-copy","title":{"rendered":"lben 1L"},"content":{"rendered":"<p><span style=\"font-family: Times New Roman, serif;\"><span style=\"font-size: medium;\">D\u00e9couvrez <b>Lben El Mouroudj<\/b>, un <b>lben 100% naturel<\/b>, fabriqu\u00e9 exclusivement \u00e0 base de <b>lait de vache frais<\/b>, sans gluten, sans additifs ni conservateurs.<\/span><\/span><\/p>\n<p><span style=\"font-family: Times New Roman, serif;\"><span style=\"font-size: medium;\">Avec sa <b>texture onctueuse<\/b>, sa <b>fra\u00eecheur incomparable<\/b> et son <b>go\u00fbt authentique<\/b>, il vous reconnecte aux saveurs d\u2019autrefois \u2014 le vrai go\u00fbt du <b>lben traditionnel alg\u00e9rien<\/b>.<\/span><\/span><\/p>\n<p><span style=\"font-family: Times New Roman, serif;\"><span style=\"font-size: medium;\">Parfait pour accompagner vos repas ou se rafra\u00eechir naturellement, <b>Lben El Mouroudj<\/b> est un alli\u00e9 de votre bien-\u00eatre au quotidien.<\/span><\/span><\/p>\n<p><span style=\"font-family: Times New Roman, serif;\"><span style=\"font-size: medium;\"><b>Pur, naturel, savoureux\u2026 comme on l\u2019aime.<\/b><\/span><\/span><\/p>\n","protected":false},"excerpt":{"rendered":"<p>D\u00e9couvrez Lben El Mouroudj, un lben 100% naturel, fabriqu\u00e9 exclusivement \u00e0 base de lait de vache frais, sans gluten, sans additifs ni conservateurs. Avec sa texture onctueuse, sa fra\u00eecheur incomparable et son go\u00fbt authentique, il vous reconnecte aux saveurs d\u2019autrefois \u2014 le vrai go\u00fbt du lben traditionnel alg\u00e9rien. Parfait pour accompagner vos repas ou se [&hellip;]<\/p>\n","protected":false},"featured_media":160,"comment_status":"open","ping_status":"closed","template":"","meta":[],"product_brand":[],"product_cat":[19],"product_tag":[],"class_list":{"0":"post-152","1":"product","2":"type-product","3":"status-publish","4":"has-post-thumbnail","6":"product_cat-uncategorized","8":"first","9":"instock","10":"shipping-taxable","11":"product-type-simple"},"_links":{"self":[{"href":"https:\/\/elmouroudj.com\/index.php?rest_route=\/wp\/v2\/product\/152","targetHints":{"allow":["GET"]}}],"collection":[{"href":"https:\/\/elmouroudj.com\/index.php?rest_route=\/wp\/v2\/product"}],"about":[{"href":"https:\/\/elmouroudj.com\/index.php?rest_route=\/wp\/v2\/types\/product"}],"replies":[{"embeddable":true,"href":"https:\/\/elmouroudj.com\/index.php?rest_route=%2Fwp%2Fv2%2Fcomments&post=152"}],"wp:featuredmedia":[{"embeddable":true,"href":"https:\/\/elmouroudj.com\/index.php?rest_route=\/wp\/v2\/media\/160"}],"wp:attachment":[{"href":"https:\/\/elmouroudj.com\/index.php?rest_route=%2Fwp%2Fv2%2Fmedia&parent=152"}],"wp:term":[{"taxonomy":"product_brand","embeddable":true,"href":"https:\/\/elmouroudj.com\/index.php?rest_route=%2Fwp%2Fv2%2Fproduct_brand&post=152"},{"taxonomy":"product_cat","embeddable":true,"href":"https:\/\/elmouroudj.com\/index.php?rest_route=%2Fwp%2Fv2%2Fproduct_cat&post=152"},{"taxonomy":"product_tag","embeddable":true,"href":"https:\/\/elmouroudj.com\/index.php?rest_route=%2Fwp%2Fv2%2Fproduct_tag&post=152"}],"curies":[{"name":"wp","href":"https:\/\/api.w.org\/{rel}","templated":true}]}}