{"id":351,"date":"2026-02-12T17:48:45","date_gmt":"2026-02-12T17:48:45","guid":{"rendered":"https:\/\/elmouroudj.com\/?post_type=product&#038;p=351"},"modified":"2026-02-12T17:48:45","modified_gmt":"2026-02-12T17:48:45","slug":"mozzarella-au-cheddar","status":"publish","type":"product","link":"https:\/\/elmouroudj.com\/?product=mozzarella-au-cheddar","title":{"rendered":"Mozzarella au cheddar"},"content":{"rendered":"<p>La Mozzarella au Cheddar El Mouroudj est un fromage innovant 100% lait de vache, sp\u00e9cialement con\u00e7u pour offrir le filant de la mozzarella associ\u00e9 au go\u00fbt intense du cheddar. Id\u00e9ale pour pizza, gratins, burgers et recettes gourmandes, elle repr\u00e9sente la solution parfaite pour les professionnels de la restauration et la cuisine \u00e0 domicile en Alg\u00e9rie.<\/p>\n<p>Gr\u00e2ce \u00e0 sa texture fondante et son \u00e9lasticit\u00e9 ma\u00eetris\u00e9e, elle assure un gratinage dor\u00e9, une fusion homog\u00e8ne et un rendu visuel premium recherch\u00e9 par les chefs et pizzerias. Plus besoin de m\u00e9langer plusieurs fromages : un seul produit pour un r\u00e9sultat optimal.<\/p>\n<p>Disponible en formats 900g, 500g et 250g pour s\u2019adapter aux besoins des restaurants, snacks et familles.<\/p>\n<p>Mozzarella au Cheddar El Mouroudj : le fromage filant nouvelle g\u00e9n\u00e9ration pour pizza et cuisine professionnelle en Alg\u00e9rie.<\/p>\n","protected":false},"excerpt":{"rendered":"<p>La Mozzarella au Cheddar El Mouroudj est un fromage innovant 100% lait de vache, sp\u00e9cialement con\u00e7u pour offrir le filant de la mozzarella associ\u00e9 au go\u00fbt intense du cheddar. Id\u00e9ale pour pizza, gratins, burgers et recettes gourmandes, elle repr\u00e9sente la solution parfaite pour les professionnels de la restauration et la cuisine \u00e0 domicile en Alg\u00e9rie. [&hellip;]<\/p>\n","protected":false},"featured_media":354,"comment_status":"open","ping_status":"closed","template":"","meta":[],"product_brand":[],"product_cat":[19],"product_tag":[],"class_list":{"0":"post-351","1":"product","2":"type-product","3":"status-publish","4":"has-post-thumbnail","6":"product_cat-uncategorized","8":"first","9":"instock","10":"shipping-taxable","11":"product-type-simple"},"_links":{"self":[{"href":"https:\/\/elmouroudj.com\/index.php?rest_route=\/wp\/v2\/product\/351","targetHints":{"allow":["GET"]}}],"collection":[{"href":"https:\/\/elmouroudj.com\/index.php?rest_route=\/wp\/v2\/product"}],"about":[{"href":"https:\/\/elmouroudj.com\/index.php?rest_route=\/wp\/v2\/types\/product"}],"replies":[{"embeddable":true,"href":"https:\/\/elmouroudj.com\/index.php?rest_route=%2Fwp%2Fv2%2Fcomments&post=351"}],"wp:featuredmedia":[{"embeddable":true,"href":"https:\/\/elmouroudj.com\/index.php?rest_route=\/wp\/v2\/media\/354"}],"wp:attachment":[{"href":"https:\/\/elmouroudj.com\/index.php?rest_route=%2Fwp%2Fv2%2Fmedia&parent=351"}],"wp:term":[{"taxonomy":"product_brand","embeddable":true,"href":"https:\/\/elmouroudj.com\/index.php?rest_route=%2Fwp%2Fv2%2Fproduct_brand&post=351"},{"taxonomy":"product_cat","embeddable":true,"href":"https:\/\/elmouroudj.com\/index.php?rest_route=%2Fwp%2Fv2%2Fproduct_cat&post=351"},{"taxonomy":"product_tag","embeddable":true,"href":"https:\/\/elmouroudj.com\/index.php?rest_route=%2Fwp%2Fv2%2Fproduct_tag&post=351"}],"curies":[{"name":"wp","href":"https:\/\/api.w.org\/{rel}","templated":true}]}}